{"id":3669,"date":"2019-02-05T15:49:35","date_gmt":"2019-02-05T15:49:35","guid":{"rendered":"https:\/\/www.romevaticancard.com\/compare-omnia-cards\/"},"modified":"2021-08-31T15:06:29","modified_gmt":"2021-08-31T13:06:29","slug":"compare-omnia-cards","status":"publish","type":"page","link":"https:\/\/pre.romevaticancard.com\/de\/compare-omnia-cards\/","title":{"rendered":"Vergleichen Sie Omnia-Karten"},"content":{"rendered":"<div class=\"div-card-compare\">\n<div id=\"r1_mobile\">\n<div><b>[72h]<\/b> <b>Erw.<\/b> \u20ac 129,00 &#8211; <b>Kinder<\/b> \u20ac 59,00<\/div>\n<div><b>[48h]<\/b> <b>Erw.<\/b> \u20ac 85,00 &#8211; <b>Kinder<\/b> \u20ac 36,00<\/div>\n<div><b>[24h]<\/b> <b>Erw.<\/b> \u20ac 69,00 &#8211; <b>Kinder<\/b> \u20ac 49,00<\/div>\n<\/div>\n<table id=\"table-compare\" class=\"table-striped table-compare\" cellspacing=\"0\" cellpadding=\"0\">\n<colgroup>\n<col class=\"ltCard\" width=\"\" \/>\n<col class=\"ltCard72\" width=\"16%\" \/>\n<col class=\"ltCard48\" width=\"16%\" \/>\n<col class=\"ltCard24\" width=\"16%\" \/> <\/colgroup>\n<thead>\n<tr id=\"i\">\n<th id=\"i_c1\" class=\"i_c1\"><\/th>\n<th id=\"i_c2\" class=\"i_c2\"><a href=\"\/omniacards\/omnia-card-72\/\" target=\"_blank\" rel=\"noopener noreferrer\"><img decoding=\"async\" title=\"Omnia Card 72h\" src=\"\/wp-content\/uploads\/2019\/05\/omnia_72-350x225.png\" \/>72h<\/a><\/th>\n<th id=\"i_c3\" class=\"i_c3\"><a href=\"\/omniacards\/omnia-card-48\/\" target=\"_blank\" rel=\"noopener noreferrer\"><img decoding=\"async\" title=\"Omnia Card 48h\" src=\"\/wp-content\/uploads\/2019\/05\/omnia_48-350x225.png\" \/>48h<\/a><\/th>\n<th id=\"i_c4\" class=\"i_c4\"><a href=\"\/omniacards\/omnia-card-24\/\" target=\"_blank\" rel=\"noopener noreferrer\"><img decoding=\"async\" title=\"Omnia Card 24h\" src=\"\/wp-content\/uploads\/2019\/05\/omnia_24-350x225.png\" \/>24h<\/a><\/th>\n<\/tr>\n<\/thead>\n<tbody>\n<tr id=\"r1\">\n<td id=\"r1_c1\" class=\"r1_c1\"><\/td>\n<td id=\"r1_c2\" class=\"r1_c2\">\n<div><b>Erw.<\/b>: \u20ac 129,00<\/div>\n<div><b>Kinder<\/b>: \u20ac 59,00<\/div>\n<p><a class=\"omnia-cta-btn disabled\" title=\"Buy now Omnia Card 72h\" target=\"_blank\" rel=\"noopener noreferrer\" data-id=\"39\">Jetzt Kaufen<\/a><\/td>\n<td id=\"r1_c3\" class=\"r1_c3\">\n<div><b>Erw.<\/b>: \u20ac 85,00<\/div>\n<div><b>Kinder<\/b>: \u20ac 36,00<\/div>\n<p><a class=\"omnia-cta-btn disabled\" title=\"Buy now Omnia Card 48h\" target=\"_blank\" rel=\"noopener noreferrer\" data-id=\"38\">Jetzt Kaufen<\/a><\/td>\n<td id=\"r1_c4\" class=\"r1_c4\">\n<div><b>Erw.<\/b>: \u20ac 69,00<\/div>\n<div><b>Kinder<\/b>: \u20ac 49,00<\/div>\n<p><a class=\"omnia-cta-btn disabled\" title=\"Buy now Omnia Card 24h\" target=\"_blank\" rel=\"noopener noreferrer\" data-id=\"37\">Jetzt Kaufen<\/a><\/td>\n<\/tr>\n<tr id=\"r2\">\n<td id=\"r2_c1\" class=\"r2_c1\"><b>ATTRAKTIONEN<\/b><\/td>\n<td id=\"r2_c2\" class=\"r2_c2\"><\/td>\n<td id=\"r2_c3\" class=\"r2_c3\"><\/td>\n<td id=\"r2_c4\" class=\"r2_c4\"><\/td>\n<\/tr>\n<tr id=\"r3\">\n<td id=\"r3_c1\" class=\"r3_c1\"><a href=\"https:\/\/www.romevaticancard.com\/de\/singletickets\/musei-vaticani-e-cappella-sistina\/\" target=\"_blank\" rel=\"noopener noreferrer\">Vatikanische Museen &#038; Sixtinische Kapelle<\/a><\/td>\n<td id=\"r3_c2\" class=\"r3_c2\"><i class=\"material-icons done\">done<\/i><\/td>\n<td id=\"r3_c3\" class=\"r3_c3\"><i class=\"material-icons done\">done<\/i><\/td>\n<td id=\"r3_c4\" class=\"r3_c4\"><i class=\"material-icons done\">done<\/i><\/td>\n<\/tr>\n<tr id=\"r4\">\n<td id=\"r4_c1\" class=\"r4_c1\"><a href=\"https:\/\/www.romevaticancard.com\/de\/singletickets\/basilica-di-san-pietro\/\" target=\"_blank\" rel=\"noopener noreferrer\">Petersdom mit Eintritt ohne anstehen und mehrsprachiger Audioguide-App<\/a><\/td>\n<td id=\"r4_c2\" class=\"r4_c2\"><i class=\"material-icons done\">done<\/i><\/td>\n<td id=\"r4_c3\" class=\"r4_c3\"><i class=\"material-icons done\">done<\/i><\/td>\n<td id=\"r4_c4\" class=\"r4_c4\"><i class=\"material-icons clear\">clear<\/i><\/td>\n<\/tr>\n<tr id=\"r5\">\n<td id=\"r5_c1\" class=\"r5_c1\"><a href=\"https:\/\/www.romevaticancard.com\/de\/open-bus\/\" target=\"_blank\" rel=\"noopener noreferrer\">Open Bus Vatican &#038; Rome (f\u00fcr 24\/48\/72 Stunden)<\/a><\/td>\n<td id=\"r5_c2\" class=\"r5_c2\"><i class=\"material-icons done\">done<\/i><\/td>\n<td id=\"r5_c3\" class=\"r5_c3\"><i class=\"material-icons done\">done<\/i><\/td>\n<td id=\"r5_c4\" class=\"r5_c4\"><i class=\"material-icons done\">done<\/i><\/td>\n<\/tr>\n<tr id=\"r6\">\n<td id=\"r6_c1\" class=\"r6_c1\"><a href=\"https:\/\/www.romevaticancard.com\/de\/singletickets\/colosseo-foro-romano-palatino-e-carcer-tullianum\/\" target=\"_blank\" rel=\"noopener noreferrer\">Eintritte Carcer Tullianum<\/a><\/td>\n<td id=\"r6_c2\" class=\"r6_c2\"><i class=\"material-icons done\">done<\/i><\/td>\n<td id=\"r6_c3\" class=\"r6_c3\"><i class=\"material-icons done\">done<\/i><\/td>\n<td id=\"r6_c4\" class=\"r6_c4\"><i class=\"material-icons done\">done<\/i><\/td>\n<\/tr>\n<tr id=\"r7\">\n<td id=\"r7_c1\" class=\"r7_c1\"><a href=\"https:\/\/www.romevaticancard.com\/de\/singletickets\/colosseo-foro-romano-palatino-e-carcer-tullianum\/\" target=\"_blank\" rel=\"noopener noreferrer\">Carcer Tullianum, Kolosseum, Forum Romanum &#038; Palatine<\/a><\/td>\n<td id=\"r7_c2\" class=\"r7_c2\"><i class=\"material-icons clear\">clear<\/i><\/td>\n<td id=\"r7_c3\" class=\"r7_c3\"><i class=\"material-icons done\">done<\/i><\/td>\n<td id=\"r7_c4\" class=\"r7_c4\"><i class=\"material-icons clear\">clear<\/i><\/td>\n<\/tr>\n<tr id=\"r8\">\n<td id=\"r8_c1\" class=\"r8_c1\"><a href=\"#\" target=\"_blank\" rel=\"noopener noreferrer\">Santa Maria in Via Lata (unter Tage)<\/a><\/td>\n<td id=\"r8_c2\" class=\"r8_c2\"><i class=\"material-icons done\">done<\/i><\/td>\n<td id=\"r8_c3\" class=\"r8_c3\"><i class=\"material-icons clear\">clear<\/i><\/td>\n<td id=\"r8_c4\" class=\"r8_c4\"><i class=\"material-icons clear\">clear<\/i><\/td>\n<\/tr>\n<tr id=\"r9\">\n<td id=\"r9_c1\" class=\"r9_c1\"><a href=\"https:\/\/www.romevaticancard.com\/de\/omniacards\/omnia-card-72\/\" target=\"_blank\" rel=\"noopener noreferrer\">2 freie Eintritte zu Museen und\/oder arch\u00e4ologischen St\u00e4tten der Stadt Rom (Roma Pass)<\/a><\/td>\n<td id=\"r9_c2\" class=\"r9_c2\"><i class=\"material-icons done\">done<\/i><\/td>\n<td id=\"r9_c3\" class=\"r9_c3\"><i class=\"material-icons clear\">clear<\/i><\/td>\n<td id=\"r9_c4\" class=\"r9_c4\"><i class=\"material-icons clear\">clear<\/i><\/td>\n<\/tr>\n<tr id=\"r10\">\n<td id=\"r10_c1\" class=\"r10_c1\"><a href=\"https:\/\/www.romevaticancard.com\/de\/attractions\/san-giovanni-e-il-complesso-lateranense\/\" target=\"_blank\" rel=\"noopener noreferrer\">Lateranbasilika und Kreuzgang mit Audioguide<\/a><\/td>\n<td id=\"r10_c2\" class=\"r10_c2\"><i class=\"material-icons done\">done<\/i><\/td>\n<td id=\"r10_c3\" class=\"r10_c3\"><i class=\"material-icons clear\">clear<\/i><\/td>\n<td id=\"r10_c4\" class=\"r10_c4\"><i class=\"material-icons clear\">clear<\/i><\/td>\n<\/tr>\n<tr id=\"r11\">\n<td id=\"r11_c1\" class=\"r11_c1\">Sie k\u00f6nnen w\u00e4hlen zwischen das Calixtus-Katakombe, Sebastians-Katakombe, Domitilla-Katakomben, S. Agnese-Katakomben, Priscilla-Katakomben, Katakombe der Heiligen Marcellinus und Petrus<\/td>\n<td id=\"r11_c2\" class=\"r11_c2\"><i class=\"material-icons clear\">clear<\/i><\/td>\n<td id=\"r11_c3\" class=\"r11_c3\"><i class=\"material-icons clear\">clear<\/i><\/td>\n<td id=\"r11_c4\" class=\"r11_c4\"><i class=\"material-icons done\">done<\/i><\/td>\n<\/tr>\n<tr id=\"r12\">\n<td id=\"r12_c1\" class=\"r12_c1\">Erm\u00e4\u00dfigte Eintrittskarten f\u00fcr die Kapitolinischen Museen<\/td>\n<td id=\"r12_c2\" class=\"r12_c2\"><i class=\"material-icons done\">done<\/i><\/td>\n<td id=\"r12_c3\" class=\"r12_c3\"><i class=\"material-icons clear\">clear<\/i><\/td>\n<td id=\"r12_c4\" class=\"r12_c4\"><i class=\"material-icons clear\">clear<\/i><\/td>\n<\/tr>\n<tr id=\"r13\">\n<td id=\"r13_c1\" class=\"r13_c1\">Kostenloser Zugang zu den \u00f6ffentlichen Verkehrsmitteln Atac (f\u00fcr 24\/48\/72 Stunden)*<\/td>\n<td id=\"r13_c2\" class=\"r13_c2\"><i class=\"material-icons done\">done<\/i><\/td>\n<td id=\"r13_c3\" class=\"r13_c3\"><i class=\"material-icons clear\">clear<\/i><\/td>\n<td id=\"r13_c4\" class=\"r13_c4\"><i class=\"material-icons clear\">clear<\/i><\/td>\n<\/tr>\n<tr id=\"r14\">\n<td id=\"r14_c1\" class=\"r14_c1\">Kinder (0-5 Jahre) Freier Zugang<\/td>\n<td id=\"r14_c2\" class=\"r14_c2\"><i class=\"material-icons done\">done<\/i><\/td>\n<td id=\"r14_c3\" class=\"r14_c3\"><i class=\"material-icons done\">done<\/i><\/td>\n<td id=\"r14_c4\" class=\"r14_c4\"><i class=\"material-icons done\">done<\/i><\/td>\n<\/tr>\n<tr id=\"i\">\n<th id=\"i_c1\" class=\"i_c1\"><\/th>\n<th id=\"i_c2\" class=\"i_c2\"><a href=\"\/omniacards\/omnia-card-72\/\" target=\"_blank\" rel=\"noopener noreferrer\">72h<\/a><\/th>\n<th id=\"i_c3\" class=\"i_c3\"><a href=\"\/omniacards\/omnia-card-48\/\" target=\"_blank\" rel=\"noopener noreferrer\">48h<\/a><\/th>\n<th id=\"i_c4\" class=\"i_c4\"><a href=\"\/omniacards\/omnia-card-24\/\" target=\"_blank\" rel=\"noopener noreferrer\">24h<\/a><\/th>\n<\/tr>\n<tr id=\"r1\">\n<td id=\"r1_c1\" class=\"r1_c1\"><\/td>\n<td id=\"r1_c2\" class=\"r1_c2\">\n<div><b>Erw.<\/b>: \u20ac 129,00<\/div>\n<div><b>Kinder<\/b>: \u20ac 59,00<\/div>\n<p><a class=\"omnia-cta-btn disabled\" title=\"Buy now Omnia Card 72h\" target=\"_blank\" rel=\"noopener noreferrer\" data-id=\"39\">Jetzt Kaufen<\/a><\/td>\n<td id=\"r1_c3\" class=\"r1_c3\">\n<div><b>Erw.<\/b>: \u20ac 85,00<\/div>\n<div><b>Kinder<\/b>: \u20ac 36,00<\/div>\n<p><a class=\"omnia-cta-btn disabled\" title=\"Buy now Omnia Card 48h\" target=\"_blank\" rel=\"noopener noreferrer\" data-id=\"38\">Jetzt Kaufen<\/a><\/td>\n<td id=\"r1_c4\" class=\"r1_c4\">\n<div><b>Erw.<\/b>: \u20ac 69,00<\/div>\n<div><b>Kinder<\/b>: \u20ac 49,00<\/div>\n<p><a class=\"omnia-cta-btn disabled\" title=\"Buy now Omnia Card 24h\" target=\"_blank\" rel=\"noopener noreferrer\" data-id=\"37\">Jetzt Kaufen<\/a><\/td>\n<\/tr>\n<\/tbody>\n<\/table>\n<div id=\"r1_mobile\">\n<div><b>[72h]<\/b> <b>Erw.<\/b> \u20ac 129,00 &#8211; <b>Kinder<\/b> \u20ac 59,00<\/div>\n<div><b>[48h]<\/b> <b>Erw.<\/b> \u20ac 85,00 &#8211; <b>Kinder<\/b> \u20ac 36,00<\/div>\n<div><b>[24h]<\/b> <b>Erw.<\/b> \u20ac 69,00 &#8211; <b>Kinder<\/b> \u20ac 49,00<\/div>\n<\/div>\n<\/div>\n<p>&nbsp;<br \/>\n<i>Zugang mit Roma Pass erlaubt, NICHT INBEGRIFFEN im Omnia 72h 6-17 Jahre.<\/i><\/p>\n","protected":false},"excerpt":{"rendered":"<p>[72h] Erw. \u20ac 129,00 &#8211; Kinder \u20ac 59,00 [48h] Erw. \u20ac 85,00 &#8211; Kinder \u20ac 36,00 [24h] Erw. \u20ac 69,00 &#8211; Kinder \u20ac 49,00 72h 48h 24h Erw.: \u20ac 129,00 Kinder: \u20ac 59,00 Jetzt Kaufen Erw.: \u20ac 85,00 Kinder: \u20ac 36,00 Jetzt Kaufen Erw.: \u20ac 69,00 Kinder: \u20ac 49,00 Jetzt Kaufen ATTRAKTIONEN Vatikanische Museen &#038; [&hellip;]<\/p>\n","protected":false},"author":6,"featured_media":0,"parent":0,"menu_order":0,"comment_status":"closed","ping_status":"closed","template":"","meta":{"_acf_changed":false,"footnotes":""},"class_list":["post-3669","page","type-page","status-publish","hentry"],"acf":[],"_links":{"self":[{"href":"https:\/\/pre.romevaticancard.com\/de\/wp-json\/wp\/v2\/pages\/3669"}],"collection":[{"href":"https:\/\/pre.romevaticancard.com\/de\/wp-json\/wp\/v2\/pages"}],"about":[{"href":"https:\/\/pre.romevaticancard.com\/de\/wp-json\/wp\/v2\/types\/page"}],"author":[{"embeddable":true,"href":"https:\/\/pre.romevaticancard.com\/de\/wp-json\/wp\/v2\/users\/6"}],"replies":[{"embeddable":true,"href":"https:\/\/pre.romevaticancard.com\/de\/wp-json\/wp\/v2\/comments?post=3669"}],"version-history":[{"count":11,"href":"https:\/\/pre.romevaticancard.com\/de\/wp-json\/wp\/v2\/pages\/3669\/revisions"}],"predecessor-version":[{"id":8392,"href":"https:\/\/pre.romevaticancard.com\/de\/wp-json\/wp\/v2\/pages\/3669\/revisions\/8392"}],"wp:attachment":[{"href":"https:\/\/pre.romevaticancard.com\/de\/wp-json\/wp\/v2\/media?parent=3669"}],"curies":[{"name":"wp","href":"https:\/\/api.w.org\/{rel}","templated":true}]}}