{"id":3783,"date":"2019-08-22T10:13:11","date_gmt":"2019-08-22T08:13:11","guid":{"rendered":"https:\/\/www.romevaticancard.com\/?page_id=3783"},"modified":"2019-08-29T11:38:22","modified_gmt":"2019-08-29T09:38:22","slug":"tickets-ohne-anstehen-hop-on-hop-off-busrundfahrt","status":"publish","type":"page","link":"https:\/\/pre.romevaticancard.com\/de\/tickets-ohne-anstehen-hop-on-hop-off-busrundfahrt\/","title":{"rendered":"\u00dcberspringen Sie die Linientickets &#038; Hop-On-Hop-Off busrundfahrt"},"content":{"rendered":"<p>Drei Reiseroutenkarten f\u00fcr 24, 48 oder 72 Stunden. Entdecken Sie den Drei-St\u00e4dte-Pass, sparen Sie Geld und erhalten Sie Zugang zu den Sch\u00e4tzen Roms.<\/p>\n","protected":false},"excerpt":{"rendered":"<p>Drei Reiseroutenkarten f\u00fcr 24, 48 oder 72 Stunden. Entdecken Sie den Drei-St\u00e4dte-Pass, sparen Sie Geld und erhalten Sie Zugang zu den Sch\u00e4tzen Roms.<\/p>\n","protected":false},"author":7,"featured_media":0,"parent":0,"menu_order":0,"comment_status":"closed","ping_status":"closed","template":"page-offerta.php","meta":{"_acf_changed":false,"footnotes":""},"class_list":["post-3783","page","type-page","status-publish","hentry"],"acf":[],"_links":{"self":[{"href":"https:\/\/pre.romevaticancard.com\/de\/wp-json\/wp\/v2\/pages\/3783"}],"collection":[{"href":"https:\/\/pre.romevaticancard.com\/de\/wp-json\/wp\/v2\/pages"}],"about":[{"href":"https:\/\/pre.romevaticancard.com\/de\/wp-json\/wp\/v2\/types\/page"}],"author":[{"embeddable":true,"href":"https:\/\/pre.romevaticancard.com\/de\/wp-json\/wp\/v2\/users\/7"}],"replies":[{"embeddable":true,"href":"https:\/\/pre.romevaticancard.com\/de\/wp-json\/wp\/v2\/comments?post=3783"}],"version-history":[{"count":4,"href":"https:\/\/pre.romevaticancard.com\/de\/wp-json\/wp\/v2\/pages\/3783\/revisions"}],"predecessor-version":[{"id":4205,"href":"https:\/\/pre.romevaticancard.com\/de\/wp-json\/wp\/v2\/pages\/3783\/revisions\/4205"}],"wp:attachment":[{"href":"https:\/\/pre.romevaticancard.com\/de\/wp-json\/wp\/v2\/media?parent=3783"}],"curies":[{"name":"wp","href":"https:\/\/api.w.org\/{rel}","templated":true}]}}