{"id":2489,"date":"2018-12-18T09:31:04","date_gmt":"2018-12-18T09:31:04","guid":{"rendered":"https:\/\/www.romevaticancard.com\/sit-bus\/"},"modified":"2019-06-19T16:01:26","modified_gmt":"2019-06-19T14:01:26","slug":"sit-bus","status":"publish","type":"page","link":"https:\/\/pre.romevaticancard.com\/es\/skip-the-line-tickets-open-bus\/sit-bus\/","title":{"rendered":"AUTOB\u00daS SIT"},"content":{"rendered":"<p>El servicio de autob\u00fas de enlace de SITBusShuttle es la mejor forma de llegar al aeropuerto de Fiumicino y al aeropuerto de Ciampino, as\u00ed como a la estaci\u00f3n de Ciampino desde la estaci\u00f3n Termini de Roma, de forma r\u00e1pida y segura.<\/p>\n<p>Transfer Roma Fiumicino y Ciampino Roma<br \/>\nConexiones desde y hacia los aeropuertos de Fiumicino y Fiumicino.<br \/>\nEl servicio de autob\u00fas de enlace de SITBusShuttle es la mejor forma de llegar al aeropuerto de Fiumicino y al aeropuerto de Ciampino, as\u00ed como a la estaci\u00f3n de Ciampino desde la estaci\u00f3n Termini de Roma, de forma r\u00e1pida y segura.<\/p>\n<p>Desde la estaci\u00f3n Termini de Roma, y desde Via Crescenzio y Via Aurelia (paradas), los autobuses salen del aeropuerto y la ciudad de Fiumicino. Los autobuses a Roma salen regularmente del ayuntamiento de Fiumicino y del aeropuerto de Fiumicino, parando primero en el centro y luego llegando a la estaci\u00f3n de tren de Termini. Las conexiones Roma-Fiumicino son la soluci\u00f3n ideal.<br \/>\nDesde la estaci\u00f3n de Termini de Roma, los autobuses salen del aeropuerto de Ciampino y la ciudad de Ciampino, y regresan a Roma desde la estaci\u00f3n de Ciampino y desde el aeropuerto de Ciampino, llegando a la estaci\u00f3n de tren de Termini (consulte todas las paradas). Es la soluci\u00f3n ideal para las conexiones Roma-Ciampino.<\/p>\n","protected":false},"excerpt":{"rendered":"<p>El servicio de autob\u00fas de enlace de SITBusShuttle es la mejor forma de llegar al aeropuerto de Fiumicino y al aeropuerto de Ciampino, as\u00ed como a la estaci\u00f3n de Ciampino desde la estaci\u00f3n Termini de Roma, de forma r\u00e1pida y segura. Transfer Roma Fiumicino y Ciampino Roma Conexiones desde y hacia los aeropuertos de Fiumicino [&hellip;]<\/p>\n","protected":false},"author":3,"featured_media":2490,"parent":2494,"menu_order":0,"comment_status":"closed","ping_status":"closed","template":"page-sitbus.php","meta":{"_acf_changed":false,"footnotes":""},"class_list":["post-2489","page","type-page","status-publish","has-post-thumbnail","hentry"],"acf":[],"_links":{"self":[{"href":"https:\/\/pre.romevaticancard.com\/es\/wp-json\/wp\/v2\/pages\/2489"}],"collection":[{"href":"https:\/\/pre.romevaticancard.com\/es\/wp-json\/wp\/v2\/pages"}],"about":[{"href":"https:\/\/pre.romevaticancard.com\/es\/wp-json\/wp\/v2\/types\/page"}],"author":[{"embeddable":true,"href":"https:\/\/pre.romevaticancard.com\/es\/wp-json\/wp\/v2\/users\/3"}],"replies":[{"embeddable":true,"href":"https:\/\/pre.romevaticancard.com\/es\/wp-json\/wp\/v2\/comments?post=2489"}],"version-history":[{"count":2,"href":"https:\/\/pre.romevaticancard.com\/es\/wp-json\/wp\/v2\/pages\/2489\/revisions"}],"predecessor-version":[{"id":2492,"href":"https:\/\/pre.romevaticancard.com\/es\/wp-json\/wp\/v2\/pages\/2489\/revisions\/2492"}],"up":[{"embeddable":true,"href":"https:\/\/pre.romevaticancard.com\/es\/wp-json\/wp\/v2\/pages\/2494"}],"wp:featuredmedia":[{"embeddable":true,"href":"https:\/\/pre.romevaticancard.com\/es\/wp-json\/wp\/v2\/media\/2490"}],"wp:attachment":[{"href":"https:\/\/pre.romevaticancard.com\/es\/wp-json\/wp\/v2\/media?parent=2489"}],"curies":[{"name":"wp","href":"https:\/\/api.w.org\/{rel}","templated":true}]}}