{"id":2648,"date":"2018-10-26T13:51:47","date_gmt":"2018-10-26T13:51:47","guid":{"rendered":"https:\/\/www.romevaticancard.com\/attrazioni\/"},"modified":"2019-06-20T14:48:29","modified_gmt":"2019-06-20T12:48:29","slug":"attrazioni","status":"publish","type":"page","link":"https:\/\/pre.romevaticancard.com\/es\/attrazioni\/","title":{"rendered":"Atracciones"},"content":{"rendered":"<p>Salta la cola y d\u00e9jate inspirar por los maravillosos itinerarios hist\u00f3ricos y art\u00edsticos de Roma.<\/p>\n","protected":false},"excerpt":{"rendered":"<p>Salta la cola y d\u00e9jate inspirar por los maravillosos itinerarios hist\u00f3ricos y art\u00edsticos de Roma.<\/p>\n","protected":false},"author":7,"featured_media":0,"parent":0,"menu_order":0,"comment_status":"closed","ping_status":"closed","template":"page-archivio-attractions.php","meta":{"_acf_changed":false,"footnotes":""},"class_list":["post-2648","page","type-page","status-publish","hentry"],"acf":[],"_links":{"self":[{"href":"https:\/\/pre.romevaticancard.com\/es\/wp-json\/wp\/v2\/pages\/2648"}],"collection":[{"href":"https:\/\/pre.romevaticancard.com\/es\/wp-json\/wp\/v2\/pages"}],"about":[{"href":"https:\/\/pre.romevaticancard.com\/es\/wp-json\/wp\/v2\/types\/page"}],"author":[{"embeddable":true,"href":"https:\/\/pre.romevaticancard.com\/es\/wp-json\/wp\/v2\/users\/7"}],"replies":[{"embeddable":true,"href":"https:\/\/pre.romevaticancard.com\/es\/wp-json\/wp\/v2\/comments?post=2648"}],"version-history":[{"count":2,"href":"https:\/\/pre.romevaticancard.com\/es\/wp-json\/wp\/v2\/pages\/2648\/revisions"}],"predecessor-version":[{"id":2650,"href":"https:\/\/pre.romevaticancard.com\/es\/wp-json\/wp\/v2\/pages\/2648\/revisions\/2650"}],"wp:attachment":[{"href":"https:\/\/pre.romevaticancard.com\/es\/wp-json\/wp\/v2\/media?parent=2648"}],"curies":[{"name":"wp","href":"https:\/\/api.w.org\/{rel}","templated":true}]}}