{"id":3305,"date":"2019-02-07T11:23:51","date_gmt":"2019-02-07T11:23:51","guid":{"rendered":"https:\/\/www.romevaticancard.com\/collection-points\/"},"modified":"2019-10-29T14:46:54","modified_gmt":"2019-10-29T13:46:54","slug":"collection-points","status":"publish","type":"page","link":"https:\/\/pre.romevaticancard.com\/fr\/collection-points\/","title":{"rendered":"Points de Relais"},"content":{"rendered":"<p>&nbsp;<\/p>\n<ol>\n<li>\n<h3><strong>Opera Romana Pellegrinaggi &#8211; <span class=\"tlid-translation translation\" lang=\"fr\"><span class=\"\" title=\"\">Basilique Saint-Pierre<\/span><\/span><br \/>\n<\/strong><\/h3>\n<\/li>\n<\/ol>\n<p>Piazza Pio XII, 9<\/p>\n<p>Ouvert: lundi \/ samedi de 09h00 \u00e0 17:00;<\/p>\n<p>Dimanche et vacances au Vatican 09:00 &#8211; 13:00<\/p>\n<p>&nbsp;<\/p>\n<ol start=\"2\">\n<li>\n<h3><strong>Opera Romana Pellegrinaggi &#8211; Largo Argentina<\/strong><\/h3>\n<\/li>\n<\/ol>\n<p>Via dei Cestari 21 (Panth\u00e9on)<\/p>\n<p>Ouvert: lundi \/ samedi de 09h00 \u00e0 16:00;<\/p>\n<p>Dimanche et vacances au Vatican 09:00 &#8211; 13:00<\/p>\n<p>&nbsp;<\/p>\n<ol start=\"3\">\n<li>\n<h3><strong>Opera Romana Pellegrinaggi &#8211; <span class=\"tlid-translation translation\" lang=\"fr\"><span title=\"\">Complexe du Latran<\/span><\/span><br \/>\n<\/strong><\/h3>\n<\/li>\n<\/ol>\n<p>Basilique Saint Jean de Latran &#8211; \u00e0 droite \u00e0 l&rsquo;int\u00e9rieur de la basilique.<\/p>\n<p>Ouvert: lundi \/ samedi de 09:00 \u00e0 16:00;<\/p>\n<p>Dimanche et vacances au Vatican 09:00 &#8211; 13:00<\/p>\n<p>&nbsp;<\/p>\n<p>&nbsp;<\/p>\n","protected":false},"excerpt":{"rendered":"<p>&nbsp; Opera Romana Pellegrinaggi &#8211; Basilique Saint-Pierre Piazza Pio XII, 9 Ouvert: lundi \/ samedi de 09h00 \u00e0 17:00; Dimanche et vacances au Vatican 09:00 &#8211; 13:00 &nbsp; Opera Romana Pellegrinaggi &#8211; Largo Argentina Via dei Cestari 21 (Panth\u00e9on) Ouvert: lundi \/ samedi de 09h00 \u00e0 16:00; Dimanche et vacances au Vatican 09:00 &#8211; 13:00 [&hellip;]<\/p>\n","protected":false},"author":7,"featured_media":0,"parent":0,"menu_order":0,"comment_status":"closed","ping_status":"closed","template":"","meta":{"_acf_changed":false,"footnotes":""},"class_list":["post-3305","page","type-page","status-publish","hentry"],"acf":[],"_links":{"self":[{"href":"https:\/\/pre.romevaticancard.com\/fr\/wp-json\/wp\/v2\/pages\/3305"}],"collection":[{"href":"https:\/\/pre.romevaticancard.com\/fr\/wp-json\/wp\/v2\/pages"}],"about":[{"href":"https:\/\/pre.romevaticancard.com\/fr\/wp-json\/wp\/v2\/types\/page"}],"author":[{"embeddable":true,"href":"https:\/\/pre.romevaticancard.com\/fr\/wp-json\/wp\/v2\/users\/7"}],"replies":[{"embeddable":true,"href":"https:\/\/pre.romevaticancard.com\/fr\/wp-json\/wp\/v2\/comments?post=3305"}],"version-history":[{"count":3,"href":"https:\/\/pre.romevaticancard.com\/fr\/wp-json\/wp\/v2\/pages\/3305\/revisions"}],"predecessor-version":[{"id":5137,"href":"https:\/\/pre.romevaticancard.com\/fr\/wp-json\/wp\/v2\/pages\/3305\/revisions\/5137"}],"wp:attachment":[{"href":"https:\/\/pre.romevaticancard.com\/fr\/wp-json\/wp\/v2\/media?parent=3305"}],"curies":[{"name":"wp","href":"https:\/\/api.w.org\/{rel}","templated":true}]}}