{"id":3312,"date":"2018-10-26T13:48:21","date_gmt":"2018-10-26T13:48:21","guid":{"rendered":"https:\/\/www.romevaticancard.com\/homepage\/"},"modified":"2019-08-22T09:28:26","modified_gmt":"2019-08-22T07:28:26","slug":"homepage","status":"publish","type":"page","link":"https:\/\/pre.romevaticancard.com\/fr\/","title":{"rendered":"Billets disponibles pour:"},"content":{"rendered":"<ul>\n<li><a href=\"https:\/\/www.romevaticancard.com\/fr\/singletickets\/italiano-musei-vaticani-e-cappella-sistina\/\">Mus\u00e9es du Vatican<\/a><\/li>\n<li><a href=\"https:\/\/www.romevaticancard.com\/fr\/singletickets\/italiano-musei-vaticani-e-cappella-sistina\/\">Chapelle Sixtine<\/a><\/li>\n<li><a href=\"https:\/\/www.romevaticancard.com\/fr\/singletickets\/italiano-basilica-di-san-pietro\/\">Basilique Saint-Pierre<\/a><\/li>\n<li><a href=\"https:\/\/www.romevaticancard.com\/fr\/singletickets\/italiano-colosseo-foro-romano-palatino-e-carcer-tullianum\/\">Colis\u00e9e<\/a><\/li>\n<li><a href=\"https:\/\/www.romevaticancard.com\/fr\/singletickets\/italiano-colosseo-foro-romano-palatino-e-carcer-tullianum\/\">Forum Romain et Mont Palatin<\/a><\/li>\n<\/ul>\n<p><a id=\"book-now-home\" href=\"https:\/\/www.romevaticancard.com\/fr\/omniacards\/omnia-card-72\/\">R\u00e9server<\/a><\/p>\n","protected":false},"excerpt":{"rendered":"<p>Mus\u00e9es du Vatican Chapelle Sixtine Basilique Saint-Pierre Colis\u00e9e Forum Romain et Mont Palatin R\u00e9server<\/p>\n","protected":false},"author":7,"featured_media":0,"parent":0,"menu_order":0,"comment_status":"closed","ping_status":"closed","template":"page-homepage.php","meta":{"_acf_changed":false,"footnotes":""},"class_list":["post-3312","page","type-page","status-publish","hentry"],"acf":[],"_links":{"self":[{"href":"https:\/\/pre.romevaticancard.com\/fr\/wp-json\/wp\/v2\/pages\/3312"}],"collection":[{"href":"https:\/\/pre.romevaticancard.com\/fr\/wp-json\/wp\/v2\/pages"}],"about":[{"href":"https:\/\/pre.romevaticancard.com\/fr\/wp-json\/wp\/v2\/types\/page"}],"author":[{"embeddable":true,"href":"https:\/\/pre.romevaticancard.com\/fr\/wp-json\/wp\/v2\/users\/7"}],"replies":[{"embeddable":true,"href":"https:\/\/pre.romevaticancard.com\/fr\/wp-json\/wp\/v2\/comments?post=3312"}],"version-history":[{"count":4,"href":"https:\/\/pre.romevaticancard.com\/fr\/wp-json\/wp\/v2\/pages\/3312\/revisions"}],"predecessor-version":[{"id":3778,"href":"https:\/\/pre.romevaticancard.com\/fr\/wp-json\/wp\/v2\/pages\/3312\/revisions\/3778"}],"wp:attachment":[{"href":"https:\/\/pre.romevaticancard.com\/fr\/wp-json\/wp\/v2\/media?parent=3312"}],"curies":[{"name":"wp","href":"https:\/\/api.w.org\/{rel}","templated":true}]}}