{"id":3316,"date":"2019-02-05T15:49:35","date_gmt":"2019-02-05T15:49:35","guid":{"rendered":"https:\/\/www.romevaticancard.com\/compare-omnia-cards\/"},"modified":"2019-10-14T17:36:21","modified_gmt":"2019-10-14T15:36:21","slug":"compare-omnia-cards","status":"publish","type":"page","link":"https:\/\/pre.romevaticancard.com\/fr\/compare-omnia-cards\/","title":{"rendered":"Comparer la Omnia Carte"},"content":{"rendered":"<div class=\"div-card-compare\">\n<div id=\"r1_mobile\">\n<div><b>[72h]<\/b> <b>Adulte<\/b> \u20ac 113,00 &#8211; <b>6 &#8211; 9 ans<\/b> \u20ac 80,00<\/div>\n<div><b>[48h]<\/b> <b>Adulte<\/b> \u20ac 85,00 &#8211; <b>6 &#8211; 9 ans<\/b> \u20ac 36,00<\/div>\n<div><b>[24h]<\/b> <b>Adulte<\/b> \u20ac 55,00 &#8211; <b>6 &#8211; 9 ans<\/b> \u20ac 34,00<\/div>\n<\/div>\n<table id=\"table-compare\" class=\"table-striped table-compare\" cellspacing=\"0\" cellpadding=\"0\">\n<colgroup>\n<col class=\"ltCard\" width=\"\" \/>\n<col class=\"ltCard72\" width=\"16%\" \/>\n<col class=\"ltCard48\" width=\"16%\" \/>\n<col class=\"ltCard24\" width=\"16%\" \/> <\/colgroup>\n<thead>\n<tr id=\"i\">\n<th id=\"i_c1\" class=\"i_c1\"><\/th>\n<th id=\"i_c2\" class=\"i_c2\"><a href=\"\/omniacards\/omnia-card-72\/\" target=\"_blank\" rel=\"noopener noreferrer\"><img decoding=\"async\" title=\"Omnia Card 72h\" src=\"\/wp-content\/uploads\/2019\/05\/omnia_72-350x225.png\" \/>72h<\/a><\/th>\n<th id=\"i_c3\" class=\"i_c3\"><a href=\"\/omniacards\/omnia-card-48\/\" target=\"_blank\" rel=\"noopener noreferrer\"><img decoding=\"async\" title=\"Omnia Card 48h\" src=\"\/wp-content\/uploads\/2019\/05\/omnia_48-350x225.png\" \/>48h<\/a><\/th>\n<th id=\"i_c4\" class=\"i_c4\"><a href=\"\/omniacards\/omnia-card-24\/\" target=\"_blank\" rel=\"noopener noreferrer\"><img decoding=\"async\" title=\"Omnia Card 24h\" src=\"\/wp-content\/uploads\/2019\/05\/omnia_24-350x225.png\" \/>24h<\/a><\/th>\n<\/tr>\n<\/thead>\n<tbody>\n<tr id=\"r1\">\n<td id=\"r1_c1\" class=\"r1_c1\"><\/td>\n<td id=\"r1_c2\" class=\"r1_c2\">\n<div><b>Adulte<\/b>: \u20ac 113,00<\/div>\n<div><b>6 &#8211; 9 ans<\/b>: \u20ac 80,00<\/div>\n<p><a class=\"omnia-cta-btn disabled\" title=\"Buy now Omnia Card 72h\" target=\"_blank\" rel=\"noopener noreferrer\" data-id=\"39\">Acheter<\/a><\/td>\n<td id=\"r1_c3\" class=\"r1_c3\">\n<div><b>Adulte<\/b>: \u20ac 85,00<\/div>\n<div><b>6 &#8211; 9 ans<\/b>: \u20ac 36,00<\/div>\n<p><a class=\"omnia-cta-btn disabled\" title=\"Buy now Omnia Card 48h\" target=\"_blank\" rel=\"noopener noreferrer\" data-id=\"38\">Acheter<\/a><\/td>\n<td id=\"r1_c4\" class=\"r1_c4\">\n<div><b>Adulte<\/b>: \u20ac 55,00<\/div>\n<div><b>6 &#8211; 9 ans<\/b>: \u20ac 34,00<\/div>\n<p><a class=\"omnia-cta-btn disabled\" title=\"Buy now Omnia Card 24h\" target=\"_blank\" rel=\"noopener noreferrer\" data-id=\"37\">Acheter<\/a><\/td>\n<\/tr>\n<tr id=\"r2\">\n<td id=\"r2_c1\" class=\"r2_c1\"><b>ATTRACTIONS<\/b><\/td>\n<td id=\"r2_c2\" class=\"r2_c2\"><\/td>\n<td id=\"r2_c3\" class=\"r2_c3\"><\/td>\n<td id=\"r2_c4\" class=\"r2_c4\"><\/td>\n<\/tr>\n<tr id=\"r3\">\n<td id=\"r3_c1\" class=\"r3_c1\"><a href=\"https:\/\/www.romevaticancard.com\/fr\/singletickets\/musei-vaticani-e-cappella-sistina\/\" target=\"_blank\" rel=\"noopener noreferrer\">Chapelle Sixtine et mus\u00e9es du Vatican<\/a><\/td>\n<td id=\"r3_c2\" class=\"r3_c2\"><i class=\"material-icons done\">done<\/i><\/td>\n<td id=\"r3_c3\" class=\"r3_c3\"><i class=\"material-icons done\">done<\/i><\/td>\n<td id=\"r3_c4\" class=\"r3_c4\"><i class=\"material-icons done\">done<\/i><\/td>\n<\/tr>\n<tr id=\"r4\">\n<td id=\"r4_c1\" class=\"r4_c1\"><a href=\"https:\/\/www.romevaticancard.com\/fr\/singletickets\/basilica-di-san-pietro\/\" target=\"_blank\" rel=\"noopener noreferrer\">Basilique Saint-Pierre avec application audio multilingue<\/a><\/td>\n<td id=\"r4_c2\" class=\"r4_c2\"><i class=\"material-icons done\">done<\/i><\/td>\n<td id=\"r4_c3\" class=\"r4_c3\"><i class=\"material-icons done\">done<\/i><\/td>\n<td id=\"r4_c4\" class=\"r4_c4\"><i class=\"material-icons done\">done<\/i><\/td>\n<\/tr>\n<tr id=\"r5\">\n<td id=\"r5_c1\" class=\"r5_c1\"><a href=\"https:\/\/www.romevaticancard.com\/fr\/open-bus\/\" target=\"_blank\" rel=\"noopener noreferrer\">Open Bus Roma Cristiana (72, 48 or 24 hours)<\/a><\/td>\n<td id=\"r5_c2\" class=\"r5_c2\"><i class=\"material-icons done\">done<\/i><\/td>\n<td id=\"r5_c3\" class=\"r5_c3\"><i class=\"material-icons done\">done<\/i><\/td>\n<td id=\"r5_c4\" class=\"r5_c4\"><i class=\"material-icons done\">done<\/i><\/td>\n<\/tr>\n<tr id=\"r6\">\n<td id=\"r6_c1\" class=\"r6_c1\"><a href=\"https:\/\/www.romevaticancard.com\/fr\/singletickets\/colosseo-foro-romano-palatino-e-carcer-tullianum\/\" target=\"_blank\" rel=\"noopener noreferrer\">Tullianum<\/a><\/td>\n<td id=\"r6_c2\" class=\"r6_c2\"><i class=\"material-icons done\">done<\/i><\/td>\n<td id=\"r6_c3\" class=\"r6_c3\"><i class=\"material-icons done\">done<\/i><\/td>\n<td id=\"r6_c4\" class=\"r6_c4\"><i class=\"material-icons done\">done<\/i><\/td>\n<\/tr>\n<tr id=\"r7\">\n<td id=\"r7_c1\" class=\"r7_c1\"><a href=\"https:\/\/www.romevaticancard.com\/fr\/singletickets\/colosseo-foro-romano-palatino-e-carcer-tullianum\/\" target=\"_blank\" rel=\"noopener noreferrer\">Tullianum, Forum romain, Colis\u00e9e et Palatin<\/a><\/td>\n<td id=\"r7_c2\" class=\"r7_c2\"><i class=\"material-icons clear\">clear<\/i><\/td>\n<td id=\"r7_c3\" class=\"r7_c3\"><i class=\"material-icons done\">done<\/i><\/td>\n<td id=\"r7_c4\" class=\"r7_c4\"><i class=\"material-icons clear\">clear<\/i><\/td>\n<\/tr>\n<tr id=\"r8\">\n<td id=\"r8_c1\" class=\"r8_c1\"><a href=\"https:\/\/www.romevaticancard.com\/fr\/attractions\/basilica-di-san-paolo-fuori-le-mura\/\" target=\"_blank\" rel=\"noopener noreferrer\">Basilique Saint-Paul-hors-les-Murs et Clo\u00eetre<\/a><\/td>\n<td id=\"r8_c2\" class=\"r8_c2\"><i class=\"material-icons done\">done<\/i><\/td>\n<td id=\"r8_c3\" class=\"r8_c3\"><i class=\"material-icons clear\">clear<\/i><\/td>\n<td id=\"r8_c4\" class=\"r8_c4\"><i class=\"material-icons done\">done<\/i><\/td>\n<\/tr>\n<tr id=\"r9\">\n<td id=\"r9_c1\" class=\"r9_c1\"><a href=\"https:\/\/www.romevaticancard.com\/fr\/omniacards\/omnia-card-72\/\" target=\"_blank\" rel=\"noopener noreferrer\">Entr\u00e9e comprenant deux attractions au choix entre Colis\u00e9e, Palatin, Mus\u00e9es du Capitole, Mus\u00e9e National de Ch\u00e2teau Saint-Ange (Roma Pass)<\/a><\/td>\n<td id=\"r9_c2\" class=\"r9_c2\"><i class=\"material-icons done\">done<\/i><\/td>\n<td id=\"r9_c3\" class=\"r9_c3\"><i class=\"material-icons clear\">clear<\/i><\/td>\n<td id=\"r9_c4\" class=\"r9_c4\"><i class=\"material-icons clear\">clear<\/i><\/td>\n<\/tr>\n<tr id=\"r10\">\n<td id=\"r10_c1\" class=\"r10_c1\"><a href=\"https:\/\/www.romevaticancard.com\/fr\/attractions\/san-giovanni-e-il-complesso-lateranense\/\" target=\"_blank\" rel=\"noopener noreferrer\">Basilique Saint-Jean-de-Latran et Clo\u00eetre<\/a><\/td>\n<td id=\"r10_c2\" class=\"r10_c2\"><i class=\"material-icons done\">done<\/i><\/td>\n<td id=\"r10_c3\" class=\"r10_c3\"><i class=\"material-icons clear\">clear<\/i><\/td>\n<td id=\"r10_c4\" class=\"r10_c4\"><i class=\"material-icons clear\">clear<\/i><\/td>\n<\/tr>\n<tr id=\"r11\">\n<td id=\"r11_c1\" class=\"r11_c1\">Billets \u00e0 prix r\u00e9duit pour les Mus\u00e9es du Capitole<\/td>\n<td id=\"r11_c2\" class=\"r11_c2\"><i class=\"material-icons done\">done<\/i><\/td>\n<td id=\"r11_c3\" class=\"r11_c3\"><i class=\"material-icons clear\">clear<\/i><\/td>\n<td id=\"r11_c4\" class=\"r11_c4\"><i class=\"material-icons clear\">clear<\/i><\/td>\n<\/tr>\n<tr id=\"r12\">\n<td id=\"r12_c1\" class=\"r12_c1\">Acc\u00e8s gratuit et illimit\u00e9 au r\u00e9seau de transports en commun urbains<\/td>\n<td id=\"r12_c2\" class=\"r12_c2\"><i class=\"material-icons done\">done<\/i><\/td>\n<td id=\"r12_c3\" class=\"r12_c3\"><i class=\"material-icons clear\">clear<\/i><\/td>\n<td id=\"r12_c4\" class=\"r12_c4\"><i class=\"material-icons clear\">clear<\/i><\/td>\n<\/tr>\n<tr id=\"r13\">\n<td id=\"r13_c1\" class=\"r13_c1\">Children (0-5 yo) Free access<\/td>\n<td id=\"r13_c2\" class=\"r13_c2\"><i class=\"material-icons done\">done<\/i><\/td>\n<td id=\"r13_c3\" class=\"r13_c3\"><i class=\"material-icons done\">done<\/i><\/td>\n<td id=\"r13_c4\" class=\"r13_c4\"><i class=\"material-icons done\">done<\/i><\/td>\n<\/tr>\n<tr id=\"i\">\n<th id=\"i_c1\" class=\"i_c1\"><\/th>\n<th id=\"i_c2\" class=\"i_c2\"><a href=\"\/omniacards\/omnia-card-72\/\" target=\"_blank\" rel=\"noopener noreferrer\">72h<\/a><\/th>\n<th id=\"i_c3\" class=\"i_c3\"><a href=\"\/omniacards\/omnia-card-48\/\" target=\"_blank\" rel=\"noopener noreferrer\">48h<\/a><\/th>\n<th id=\"i_c4\" class=\"i_c4\"><a href=\"\/omniacards\/omnia-card-24\/\" target=\"_blank\" rel=\"noopener noreferrer\">24h<\/a><\/th>\n<\/tr>\n<tr id=\"r1\">\n<td id=\"r1_c1\" class=\"r1_c1\"><\/td>\n<td id=\"r1_c2\" class=\"r1_c2\">\n<div><b>Adulte<\/b>: \u20ac 113,00<\/div>\n<div><b>6 &#8211; 9 ans<\/b>: \u20ac 80,00<\/div>\n<p><a class=\"omnia-cta-btn disabled\" title=\"Buy now Omnia Card 72h\" target=\"_blank\" rel=\"noopener noreferrer\" data-id=\"39\">Acheter<\/a><\/td>\n<td id=\"r1_c3\" class=\"r1_c3\">\n<div><b>Adulte<\/b>: \u20ac 85,00<\/div>\n<div><b>6 &#8211; 9 ans<\/b>: \u20ac 36,00<\/div>\n<p><a class=\"omnia-cta-btn disabled\" title=\"Buy now Omnia Card 48h\" target=\"_blank\" rel=\"noopener noreferrer\" data-id=\"38\">Acheter<\/a><\/td>\n<td id=\"r1_c4\" class=\"r1_c4\">\n<div><b>Adulte<\/b>: \u20ac 55,00<\/div>\n<div><b>6 &#8211; 9 ans<\/b>: \u20ac 34,00<\/div>\n<p><a class=\"omnia-cta-btn disabled\" title=\"Buy now Omnia Card 24h\" target=\"_blank\" rel=\"noopener noreferrer\" data-id=\"37\">Acheter<\/a><\/td>\n<\/tr>\n<\/tbody>\n<\/table>\n<div id=\"r1_mobile\">\n<div><b>[72h]<\/b> <b>Adulte<\/b> \u20ac 113,00 &#8211; <b>6 &#8211; 9 ans<\/b> \u20ac 80,00<\/div>\n<div><b>[48h]<\/b> <b>Adulte<\/b> \u20ac 85,00 &#8211; <b>6 &#8211; 9 ans<\/b> \u20ac 36,00<\/div>\n<div><b>[24h]<\/b> <b>Adulte<\/b> \u20ac 55,00 &#8211; <b>6 &#8211; 9 ans<\/b> \u20ac 34,00<\/div>\n<\/div>\n<\/div>\n","protected":false},"excerpt":{"rendered":"<p>[72h] Adulte \u20ac 113,00 &#8211; 6 &#8211; 9 ans \u20ac 80,00 [48h] Adulte \u20ac 85,00 &#8211; 6 &#8211; 9 ans \u20ac 36,00 [24h] Adulte \u20ac 55,00 &#8211; 6 &#8211; 9 ans \u20ac 34,00 72h 48h 24h Adulte: \u20ac 113,00 6 &#8211; 9 ans: \u20ac 80,00 Acheter Adulte: \u20ac 85,00 6 &#8211; 9 ans: \u20ac 36,00 [&hellip;]<\/p>\n","protected":false},"author":6,"featured_media":0,"parent":0,"menu_order":0,"comment_status":"closed","ping_status":"closed","template":"","meta":{"_acf_changed":false,"footnotes":""},"class_list":["post-3316","page","type-page","status-publish","hentry"],"acf":[],"_links":{"self":[{"href":"https:\/\/pre.romevaticancard.com\/fr\/wp-json\/wp\/v2\/pages\/3316"}],"collection":[{"href":"https:\/\/pre.romevaticancard.com\/fr\/wp-json\/wp\/v2\/pages"}],"about":[{"href":"https:\/\/pre.romevaticancard.com\/fr\/wp-json\/wp\/v2\/types\/page"}],"author":[{"embeddable":true,"href":"https:\/\/pre.romevaticancard.com\/fr\/wp-json\/wp\/v2\/users\/6"}],"replies":[{"embeddable":true,"href":"https:\/\/pre.romevaticancard.com\/fr\/wp-json\/wp\/v2\/comments?post=3316"}],"version-history":[{"count":7,"href":"https:\/\/pre.romevaticancard.com\/fr\/wp-json\/wp\/v2\/pages\/3316\/revisions"}],"predecessor-version":[{"id":5126,"href":"https:\/\/pre.romevaticancard.com\/fr\/wp-json\/wp\/v2\/pages\/3316\/revisions\/5126"}],"wp:attachment":[{"href":"https:\/\/pre.romevaticancard.com\/fr\/wp-json\/wp\/v2\/media?parent=3316"}],"curies":[{"name":"wp","href":"https:\/\/api.w.org\/{rel}","templated":true}]}}