{"id":3515,"date":"2018-10-26T13:49:47","date_gmt":"2018-10-26T13:49:47","guid":{"rendered":"https:\/\/www.romevaticancard.com\/skip-the-line-tickets-open-bus\/"},"modified":"2019-08-13T14:49:55","modified_gmt":"2019-08-13T12:49:55","slug":"skip-the-line-tickets-open-bus","status":"publish","type":"page","link":"https:\/\/pre.romevaticancard.com\/fr\/skip-the-line-tickets-open-bus\/","title":{"rendered":"Billets Coupe-File et Bus Ouvert"},"content":{"rendered":"<p>Trois cartes d&rsquo;itin\u00e9raires de 24, 48 ou 72 heures. D\u00e9couvrez les trois citypass, \u00e9conomisez de l&rsquo;argent et acc\u00e9dez aux tr\u00e9sors de Rome.<\/p>\n","protected":false},"excerpt":{"rendered":"<p>Trois cartes d&rsquo;itin\u00e9raires de 24, 48 ou 72 heures. D\u00e9couvrez les trois citypass, \u00e9conomisez de l&rsquo;argent et acc\u00e9dez aux tr\u00e9sors de Rome.<\/p>\n","protected":false},"author":7,"featured_media":0,"parent":0,"menu_order":0,"comment_status":"closed","ping_status":"closed","template":"page-offerta.php","meta":{"_acf_changed":false,"footnotes":""},"class_list":["post-3515","page","type-page","status-publish","hentry"],"acf":[],"_links":{"self":[{"href":"https:\/\/pre.romevaticancard.com\/fr\/wp-json\/wp\/v2\/pages\/3515"}],"collection":[{"href":"https:\/\/pre.romevaticancard.com\/fr\/wp-json\/wp\/v2\/pages"}],"about":[{"href":"https:\/\/pre.romevaticancard.com\/fr\/wp-json\/wp\/v2\/types\/page"}],"author":[{"embeddable":true,"href":"https:\/\/pre.romevaticancard.com\/fr\/wp-json\/wp\/v2\/users\/7"}],"replies":[{"embeddable":true,"href":"https:\/\/pre.romevaticancard.com\/fr\/wp-json\/wp\/v2\/comments?post=3515"}],"version-history":[{"count":2,"href":"https:\/\/pre.romevaticancard.com\/fr\/wp-json\/wp\/v2\/pages\/3515\/revisions"}],"predecessor-version":[{"id":3517,"href":"https:\/\/pre.romevaticancard.com\/fr\/wp-json\/wp\/v2\/pages\/3515\/revisions\/3517"}],"wp:attachment":[{"href":"https:\/\/pre.romevaticancard.com\/fr\/wp-json\/wp\/v2\/media?parent=3515"}],"curies":[{"name":"wp","href":"https:\/\/api.w.org\/{rel}","templated":true}]}}